{"id":1118,"date":"2019-10-24T05:53:23","date_gmt":"2019-10-24T05:53:23","guid":{"rendered":"https:\/\/www.veterinariasanfroilan.com\/aviso-legal\/"},"modified":"2026-02-06T15:40:09","modified_gmt":"2026-02-06T15:40:09","slug":"aviso-legal","status":"publish","type":"page","link":"https:\/\/www.veterinariasanfroilan.com\/gl\/aviso-legal\/","title":{"rendered":"Aviso legal"},"content":{"rendered":"<section class=\"l-section wpb_row height_large\"><div class=\"l-section-h i-cf\"><div class=\"g-cols vc_row via_flex valign_top type_default stacking_default\"><div class=\"vc_col-sm-12 wpb_column vc_column_container\"><div class=\"vc_column-inner\"><div class=\"wpb_wrapper\"><div class=\"wpb_text_column\"><div class=\"wpb_wrapper\"><div class=\"innerblocks-wrap\">\n<div id=\"wp-block-themeisle-blocks-advanced-column-a3414e48\" class=\"wp-block-themeisle-blocks-advanced-column\">\n<p>1. O titular deste sitio web \u00e9:<\/p>\n<p>ARGHISNOVAX UNIPESSOAL LDA, con NIF 514877340 con domicilio en Avenida S\u00e3o Teot\u00f3nio, Edificio Lepanto, Loja 22, 4930-594 Valen\u00e7a, Portugal, con n\u00famero de registro mercantil AP. 115\/20180423, con email <a href=\"mailto:info@veterinariasanfroilan.com\">info@veterinariasanfroilan.com<\/a>\u00a0 y tel\u00e9fono 646599470.<\/p>\n<p>2. O acceso \u00f3 Site veterinariasanfroilan.com\u00a0 \u00e9 gratuito. Todo o contido \u00e9 propiedade intelectual de Rub\u00e9n Guti\u00e9rrez SLU. Calquer utilizaci\u00f3n dos mesmos contraria \u00e1s normas en materia de propiedade intelectual ser\u00e1 perseguida con arreglo \u00e1 lexislaci\u00f3n vixente.<\/p>\n<p>OBXECTO<br \/>\nO provedor, responsable do sitio web, pon este documento a disposici\u00f3n dos usuarios cos que pretende cumprir as obrigas establecidas na Lei 34\/2002, de Servizos da Sociedade da Informaci\u00f3n e Comercio Electr\u00f3nico (LSSI-CE ), as\u00ed como informar a todos os usuarios do sitio web sobre as condici\u00f3ns de uso do mesmo.<br \/>\nCalquera persoa que acceda a este sitio web asume o papel de usuario, compromet\u00e9ndose \u00e1 observancia e ao cumprimento estrito das disposici\u00f3ns aqu\u00ed establecidas, as\u00ed como a calquera outra disposici\u00f3n legal que poida aplicarse.<br \/>\nO provedor res\u00e9rvase o dereito a modificar calquera tipo de informaci\u00f3n que poida aparecer no sitio web, sen ningunha obriga de notificar previamente ou informar aos usuarios das devanditas obrigas, entend\u00e9ndose como suficiente coa publicaci\u00f3n no sitio web do provedor.<br \/>\nRESPONSABILIDADE<br \/>\nO provedor declina toda responsabilidade derivada da informaci\u00f3n publicada no seu sitio web, sempre que esta informaci\u00f3n fose manipulada ou ingresada por un terceiro f\u00f3ra dela.<br \/>\nO sitio web do fornecedor pode usar cookies (pequenos ficheiros de informaci\u00f3n que o servidor env\u00eda ao ordenador da persoa que accede \u00e1 p\u00e1xina) para realizar determinadas funci\u00f3ns que se consideran esenciais para o bo funcionamento e visualizaci\u00f3n do sitio. As cookies utilizadas no sitio web te\u00f1en, en todo caso, car\u00e1cter temporal co \u00fanico prop\u00f3sito de facer m\u00e1is eficiente a s\u00faa transmisi\u00f3n posterior e desaparecer ao final da sesi\u00f3n do usuario. En ning\u00fan caso se empregar\u00e1n as cookies para recoller informaci\u00f3n persoal.<br \/>\nDesde o sitio web do cliente \u00e9 posible redirixir ao contido de sitios web de terceiros. Dado que o provedor non sempre pode controlar o contido introducido por terceiros nos seus sitios web, non asume ningunha responsabilidade por este contido. En calquera caso, o fornecedor afirma que proceder\u00e1<br \/>\na retirada inmediata de calquera contido que poida contravenir a lexislaci\u00f3n, a moral ou a orde p\u00fablica ou nacional, procedendo \u00e1 retirada inmediata da redirecci\u00f3n a dito sitio web, informando \u00e1s autoridades competentes do contido en cuesti\u00f3n.<\/p>\n<p>O fornecedor non se fai responsable da informaci\u00f3n e contido contido almacenados, a modo de exemplo, pero sen limitaci\u00f3n, en foros, chats, xeradores de blogs, comentarios, redes sociais ou calquera outro medio que permita a terceiros publicar contido de forma independente no sitio web do provedor Non obstante e en cumprimento do disposto no art. 11 e 16 da LSSI-CE, o provedor ponse a disposici\u00f3n de todos os usuarios, autoridades e forzas de seguridade e colabora activamente na retirada ou, no seu caso, no bloqueo de todos aqueles contidos que poidan afectar ou contravir a lexislaci\u00f3n dereitos nacionais ou internacionais, de terceiros ou orde moral e p\u00fablica. Se o usuario considera que hai alg\u00fan contido no sitio web susceptible de ser susceptible desta clasificaci\u00f3n, avise inmediatamente ao administrador do sitio.<br \/>\nEste sitio web foi revisado e probado para funcionar correctamente. En principio, pode garantirse un bo funcionamento os 365 d\u00edas do ano as 24 horas do d\u00eda. Non obstante, o provedor non descarta a posibilidade de que se produzan erros de programaci\u00f3n ou causas de forza maior, desastres naturais, folgas ou circunstancias similares que imposibiliten o acceso ao sitio web.<br \/>\nPROTECCI\u00d3N DE DATOS PERSOAIS<br \/>\nO provedor est\u00e1 profundamente comprometido co cumprimento da normativa europea e espa\u00f1ola de protecci\u00f3n de datos de car\u00e1cter persoal e garante o cumprimento \u00edntegro das obrigas previstas, as\u00ed como a aplicaci\u00f3n das medidas de seguridade establecidas no Regulamento europeo de protecci\u00f3n de datos<br \/>\nO provedor pon a disposici\u00f3n dos usuarios a Pol\u00edtica de privacidade da entidade informando aos usuarios sobre os seguintes aspectos:<br \/>\n&#8211; Identificaci\u00f3n do responsable do tratamento.<br \/>\n&#8211; Datos procesados<br \/>\n&#8211; Finalidade do tratamento.<br \/>\n&#8211; Sobre os dereitos que asisten a todos os usuarios e sobre o procedemento para exercelos.<\/p>\n<p>PROPIEDADE INTELLECTUAL E INDUSTRIAL<br \/>\nO sitio web, inclu\u00edndo pero sen limitarse \u00e1 s\u00faa programaci\u00f3n, edici\u00f3n, compilaci\u00f3n e outros elementos necesarios para o seu funcionamento, os dese\u00f1os, logotipos, texto e \/ ou gr\u00e1ficos son propiedade do provedor ou, se \u00e9 o caso, te\u00f1en unha licenza ou autorizaci\u00f3n expresa por parte de parte dos autores. Todos os contidos do sitio web est\u00e1n debidamente protexidos pola normativa de<br \/>\npropiedade intelectual e industrial, as\u00ed como inscrito nos correspondentes rexistros p\u00fablicos.<br \/>\nIndependentemente do prop\u00f3sito para o que foron destinados, a reproduci\u00f3n, uso, explotaci\u00f3n, distribuci\u00f3n e comercializaci\u00f3n total ou parcial, en todo caso, precisa a autorizaci\u00f3n por escrito previa do provedor. Todo uso non autorizado anteriormente polo prestador ser\u00e1 considerado un incumprimento grave dos dereitos de propiedade intelectual ou industrial do autor.<br \/>\nOs dese\u00f1os, logotipos, texto e \/ ou gr\u00e1ficos f\u00f3ra do provedor e que poden aparecer no sitio web, pertencen aos seus respectivos propietarios, sendo eles mesmos os responsables de calquera posible controversia que poida xurdir respecto deles. En calquera caso, o provedor disp\u00f3n dunha autorizaci\u00f3n expresa e previa destes.<br \/>\nO provedor reco\u00f1ece a favor dos seus propietarios os correspondentes dereitos de propiedade industrial e intelectual, non implicando a s\u00faa mera menci\u00f3n ou aparici\u00f3n no sitio web da existencia de dereitos ou responsabilidade do prestador sobre eles, nin o respaldo, patrocinio ou recomendaci\u00f3n por parte. dela.<br \/>\nPara facer calquera tipo de observaci\u00f3n sobre posibles incumprimentos dos dereitos de propiedade intelectual ou industrial, as\u00ed como sobre calquera dos contidos do sitio web, pode facelo a trav\u00e9s do seguinte correo electr\u00f3nico Info@veterinariasanfroilan.com.<br \/>\nLEI E XURISDICI\u00d3N APLICABLES<br \/>\nPara a resoluci\u00f3n de todas as controversias ou cuesti\u00f3ns relacionadas con este sitio web ou as actividades desenvolvidas nel, aplicarase a lexislaci\u00f3n espa\u00f1ola, \u00e1 que se someten expresamente as partes, sendo competentes para a resoluci\u00f3n de todos os conflitos derivados ou relacionado co seu uso os xulgados e xulgados de Lugo.<\/p>\n<\/div>\n<\/div>\n<\/div><\/div><\/div><\/div><\/div><\/div><\/div><\/section>\n","protected":false},"excerpt":{"rendered":"1. O titular deste sitio web \u00e9: ARGHISNOVAX UNIPESSOAL LDA, con NIF 514877340 con domicilio en Avenida S\u00e3o Teot\u00f3nio, Edificio Lepanto, Loja 22, 4930-594 Valen\u00e7a, Portugal, con n\u00famero de registro mercantil AP. 115\/20180423, con email info@veterinariasanfroilan.com\u00a0 y tel\u00e9fono 646599470. 2. O acceso \u00f3 Site veterinariasanfroilan.com\u00a0 \u00e9 gratuito. Todo o contido \u00e9 propiedade intelectual de Rub\u00e9n...","protected":false},"author":1,"featured_media":0,"parent":0,"menu_order":0,"comment_status":"closed","ping_status":"closed","template":"","meta":{"_acf_changed":false,"footnotes":""},"class_list":["post-1118","page","type-page","status-publish","hentry"],"acf":[],"_links":{"self":[{"href":"https:\/\/www.veterinariasanfroilan.com\/gl\/wp-json\/wp\/v2\/pages\/1118","targetHints":{"allow":["GET"]}}],"collection":[{"href":"https:\/\/www.veterinariasanfroilan.com\/gl\/wp-json\/wp\/v2\/pages"}],"about":[{"href":"https:\/\/www.veterinariasanfroilan.com\/gl\/wp-json\/wp\/v2\/types\/page"}],"author":[{"embeddable":true,"href":"https:\/\/www.veterinariasanfroilan.com\/gl\/wp-json\/wp\/v2\/users\/1"}],"replies":[{"embeddable":true,"href":"https:\/\/www.veterinariasanfroilan.com\/gl\/wp-json\/wp\/v2\/comments?post=1118"}],"version-history":[{"count":3,"href":"https:\/\/www.veterinariasanfroilan.com\/gl\/wp-json\/wp\/v2\/pages\/1118\/revisions"}],"predecessor-version":[{"id":47255,"href":"https:\/\/www.veterinariasanfroilan.com\/gl\/wp-json\/wp\/v2\/pages\/1118\/revisions\/47255"}],"wp:attachment":[{"href":"https:\/\/www.veterinariasanfroilan.com\/gl\/wp-json\/wp\/v2\/media?parent=1118"}],"curies":[{"name":"wp","href":"https:\/\/api.w.org\/{rel}","templated":true}]}}