{"id":23967,"date":"2023-09-28T05:29:02","date_gmt":"2023-09-28T05:29:02","guid":{"rendered":"https:\/\/www.veterinariasanfroilan.com\/contacto\/"},"modified":"2026-01-13T15:45:12","modified_gmt":"2026-01-13T15:45:12","slug":"contacto","status":"publish","type":"page","link":"https:\/\/www.veterinariasanfroilan.com\/gl\/contacto\/","title":{"rendered":"Contacto"},"content":{"rendered":"<section class=\"l-section wpb_row height_large\"><div class=\"l-section-h i-cf\"><div class=\"g-cols vc_row via_flex valign_top type_default stacking_default\"><div class=\"vc_col-sm-8 wpb_column vc_column_container\"><div class=\"vc_column-inner\"><div class=\"wpb_wrapper\">[vc_raw_html]W2NvbnRhY3QtZm9ybS03IGlkPSIzMTkiIHRpdGxlPSJGb3JtMSJd[\/vc_raw_html]<\/div><\/div><\/div><div class=\"vc_col-sm-4 wpb_column vc_column_container\"><div class=\"vc_column-inner\"><div class=\"wpb_wrapper\"><div class=\"wpb_text_column\"><div class=\"wpb_wrapper\"><h3>Redes Sociais<\/h3>\n<\/div><\/div><div class=\"w-separator size_small\"><\/div><div class=\"w-socials us_custom_a6ceb248 color_brand shape_circle style_solid hover_fade\" style=\"--gap:0.1em;\"><div class=\"w-socials-list\"><div class=\"w-socials-item facebook\"><a target=\"_blank\" rel=\"nofollow\" href=\"https:\/\/www.facebook.com\/veterinariasanfroilan\/\" class=\"w-socials-item-link\" aria-label=\"Facebook\"><span class=\"w-socials-item-link-hover\"><\/span><i class=\"fab fa-facebook\"><\/i><\/a><div class=\"w-socials-item-popup\"><span>Facebook<\/span><\/div><\/div><div class=\"w-socials-item instagram\"><a target=\"_blank\" rel=\"nofollow\" href=\"https:\/\/www.instagram.com\/veterinariasanfroilan\/\" class=\"w-socials-item-link\" aria-label=\"Instagram\"><span class=\"w-socials-item-link-hover\"><\/span><i class=\"fab fa-instagram\"><\/i><\/a><div class=\"w-socials-item-popup\"><span>Instagram<\/span><\/div><\/div><\/div><\/div><div class=\"w-separator size_medium\"><\/div><div class=\"wpb_text_column\"><div class=\"wpb_wrapper\"><h3>Informaci\u00f3n de contacto<\/h3>\n<\/div><\/div><div class=\"w-separator size_small\"><\/div><div class=\"w-iconbox iconpos_left style_default color_light align_left no_text\"><div class=\"w-iconbox-icon\" style=\"font-size:;\"><i class=\"material-icons\">home<\/i><\/div><div class=\"w-iconbox-meta\"><h6 class=\"w-iconbox-title\">Ronda das Fonti\u00f1as, 93, 27002 Lugo, Espa\u00f1a.<\/h6><\/div><\/div><div class=\"w-separator size_small\"><\/div><div class=\"w-iconbox iconpos_left style_default color_light align_left no_text\"><a href=\"#\" class=\"w-iconbox-link\" aria-label=\"info@veterinariasanfroilan.com\"><div class=\"w-iconbox-icon\" style=\"font-size:;\"><i class=\"material-icons\">mail<\/i><\/div><\/a><div class=\"w-iconbox-meta\"><h6 class=\"w-iconbox-title\"><a href=\"#\" class=\"w-iconbox-link\" aria-label=\"info@veterinariasanfroilan.com\">info@veterinariasanfroilan.com<\/a><\/h6><\/div><\/div><div class=\"w-separator size_small\"><\/div><div class=\"w-iconbox iconpos_left style_default color_light align_left no_text\"><div class=\"w-iconbox-icon\" style=\"font-size:;\"><i class=\"material-icons\">phone<\/i><\/div><div class=\"w-iconbox-meta\"><h6 class=\"w-iconbox-title\">+34 982 25 29 29<\/h6><\/div><\/div><div class=\"w-separator size_small\"><\/div><div class=\"wpb_text_column\"><div class=\"wpb_wrapper\"><h3>Urxencias<\/h3>\n<p>\n<\/div><\/div><div class=\"w-iconbox iconpos_left style_default color_light align_left no_text\"><div class=\"w-iconbox-icon\" style=\"font-size:;\"><i class=\"material-icons\">print<\/i><\/div><div class=\"w-iconbox-meta\"><h6 class=\"w-iconbox-title\">+34 608 689 087<\/h6><\/div><\/div><\/div><\/div><\/div><\/div><\/div><\/section>\n","protected":false},"excerpt":{"rendered":"[vc_raw_html]W2NvbnRhY3QtZm9ybS03IGlkPSIzMTkiIHRpdGxlPSJGb3JtMSJd[\/vc_raw_html]Redes Sociais FacebookInstagramInformaci\u00f3n de contacto homeRonda das Fonti\u00f1as, 93, 27002 Lugo, Espa\u00f1a.mailinfo@veterinariasanfroilan.comphone+34 982 25 29 29Urxencias print+34 608 689 087","protected":false},"author":1,"featured_media":0,"parent":0,"menu_order":0,"comment_status":"closed","ping_status":"closed","template":"","meta":{"_acf_changed":false,"footnotes":""},"class_list":["post-23967","page","type-page","status-publish","hentry"],"acf":[],"_links":{"self":[{"href":"https:\/\/www.veterinariasanfroilan.com\/gl\/wp-json\/wp\/v2\/pages\/23967","targetHints":{"allow":["GET"]}}],"collection":[{"href":"https:\/\/www.veterinariasanfroilan.com\/gl\/wp-json\/wp\/v2\/pages"}],"about":[{"href":"https:\/\/www.veterinariasanfroilan.com\/gl\/wp-json\/wp\/v2\/types\/page"}],"author":[{"embeddable":true,"href":"https:\/\/www.veterinariasanfroilan.com\/gl\/wp-json\/wp\/v2\/users\/1"}],"replies":[{"embeddable":true,"href":"https:\/\/www.veterinariasanfroilan.com\/gl\/wp-json\/wp\/v2\/comments?post=23967"}],"version-history":[{"count":5,"href":"https:\/\/www.veterinariasanfroilan.com\/gl\/wp-json\/wp\/v2\/pages\/23967\/revisions"}],"predecessor-version":[{"id":46734,"href":"https:\/\/www.veterinariasanfroilan.com\/gl\/wp-json\/wp\/v2\/pages\/23967\/revisions\/46734"}],"wp:attachment":[{"href":"https:\/\/www.veterinariasanfroilan.com\/gl\/wp-json\/wp\/v2\/media?parent=23967"}],"curies":[{"name":"wp","href":"https:\/\/api.w.org\/{rel}","templated":true}]}}