{"id":758,"date":"2018-05-24T05:58:41","date_gmt":"2018-05-24T05:58:41","guid":{"rendered":"http:\/\/www.veterinariasanfroilan.com\/privacidad\/"},"modified":"2026-02-06T15:34:25","modified_gmt":"2026-02-06T15:34:25","slug":"privacidad","status":"publish","type":"page","link":"https:\/\/www.veterinariasanfroilan.com\/gl\/privacidad\/","title":{"rendered":"Privacidad"},"content":{"rendered":"<section class=\"l-section wpb_row height_large\"><div class=\"l-section-h i-cf\"><div class=\"g-cols vc_row via_flex valign_top type_default stacking_default\"><div class=\"vc_col-sm-12 wpb_column vc_column_container\"><div class=\"vc_column-inner\"><div class=\"wpb_wrapper\"><div class=\"wpb_text_column\"><div class=\"wpb_wrapper\"><h2>Qui\u00e9nes somos<\/h2>\n<p>La direcci\u00f3n de nuestra web es:\u00a0 www.veterinariasanfroilan.com <strong>veterinariasanfroilan.com<\/strong><\/p>\n<div id=\"block_contact_infos\">\n<ul>\n<li style=\"list-style-type: none;\">\n<ul>ARGHISNOVAX UNIPESSOAL LDA, con NIF 514877340 con domicilio en Avenida S\u00e3o Teot\u00f3nio, Edificio Lepanto, Loja 22, 4930-594 Valen\u00e7a, Portugal, con n\u00famero de registro mercantil AP. 115\/20180423, con email<\/ul>\n<\/li>\n<\/ul>\n<p><a href=\"mailto:info@veterinariasanfroilan.com\">info@veterinariasanfroilan.com<\/a><\/p>\n<ul>\n<li style=\"list-style-type: none;\">\n<ul>\u00a0 y tel\u00e9fono 646599470.<\/ul>\n<\/li>\n<\/ul>\n<ul>\n<li>\n<h3>Cookies<\/h3>\n<p>Si dejas un comentario en nuestro sitio puedes elegir guardar tu nombre, direcci\u00f3n de correo electr\u00f3nico y web en cookies. Esto es para tu comodidad, para que no tengas que volver a rellenar tus datos cuando dejes otro comentario. Estas cookies tendr\u00e1n una duraci\u00f3n de un a\u00f1o.<\/p>\n<p>Si tienes una cuenta y te conectas a este sitio, instalaremos una cookie temporal para determinar si tu navegador acepta cookies. Esta cookie no contiene datos personales y se elimina al cerrar el navegador.<\/p>\n<p>Cuando inicias sesi\u00f3n, tambi\u00e9n instalaremos varias cookies para guardar tu informaci\u00f3n de inicio de sesi\u00f3n y tus opciones de visualizaci\u00f3n de pantalla. Las cookies de inicio de sesi\u00f3n duran dos d\u00edas, y las cookies de opciones de pantalla duran un a\u00f1o. Si seleccionas &#8220;Recordarme&#8221;, tu inicio de sesi\u00f3n perdurar\u00e1 durante dos semanas. Si sales de tu cuenta, las cookies de inicio de sesi\u00f3n se eliminar\u00e1n.<\/p>\n<p>Si editas o publicas un art\u00edculo se guardar\u00e1 una cookie adicional en tu navegador. Esta cookie no incluye datos personales y simplemente indica el ID del art\u00edculo que acabas de editar. Caduca despu\u00e9s de 1 d\u00eda.<\/li>\n<li>Estas son las cookies que utilizamos:<\/li>\n<li><a href=\"https:\/\/www.veterinariasanfroilan.com\/wp-content\/uploads\/\"><img loading=\"lazy\" decoding=\"async\" class=\"alignnone wp-image-3484 size-full\" src=\"https:\/\/www.veterinariasanfroilan.com\/wp-content\/uploads\/\" alt=\"\" width=\"1559\" height=\"623\" \/><\/a><\/li>\n<\/ul>\n<\/div>\n<p>&nbsp;<\/p>\n<h2>Qu\u00e9 datos personales recogemos y por qu\u00e9 los recogemos<\/h2>\n<p>&nbsp;<\/p>\n<h3>Comentarios<\/h3>\n<p>Cuando los visitantes dejan comentarios en la web, recopilamos los datos que se muestran en el formulario de comentarios, as\u00ed como la direcci\u00f3n IP del visitante y la cadena de agentes de usuario del navegador para ayudar a la detecci\u00f3n de spam.<\/p>\n<p>Una cadena an\u00f3nima creada a partir de tu direcci\u00f3n de correo electr\u00f3nico (tambi\u00e9n llamada hash) puede ser proporcionada al servicio de Gravatar para ver si la est\u00e1s usando. La pol\u00edtica de privacidad del servicio Gravatar est\u00e1 disponible aqu\u00ed: https:\/\/automattic.com\/privacy\/. Despu\u00e9s de la aprobaci\u00f3n de tu comentario, la imagen de tu perfil es visible para el p\u00fablico en el contexto de su comentario.<\/p>\n<h3>Medios<\/h3>\n<p>Si subes im\u00e1genes a la web deber\u00edas evitar subir im\u00e1genes con datos de ubicaci\u00f3n (GPS EXIF) incluidos. Los visitantes de la web pueden descargar y extraer cualquier dato de localizaci\u00f3n de las im\u00e1genes de la web.<\/p>\n<h3>Formularios de contacto<\/h3>\n<p>Si nos env\u00edas un formulario de contacto, tienes que aceptar que entiendes estas condiciones de privacidad. La \u00fanica manera que tenemos de dar seguimiento a tus peticiones es manteniendo tus datos almacenados para agilizar las siguientes consultas.<\/p>\n<p>Tus mensajes de correo a trav\u00e9s del formulario, ser\u00e1n almacenados, tanto la hora y fecha de env\u00edo, como los datos personales que decidas incluir (correo, telef\u00f3no, mensajes..) as\u00ed como la direcci\u00f3n IP y el navegador que utilices.<\/p>\n<p>Todo esto lo hacemos para garantizar que podamos responderte y adem\u00e1s pro tener una garant\u00eda de que aceptas nuestras condiciones. En el caso de que prefieras que borremos estos datos una vez resolvamos tus dudas, solo tienes que indicarnoslo en el correo info@veterinariasanfroilan.com o respondiendo con la misma petici\u00f3n en el mismo hilo del mensaje en el que has realizado la consulta.<\/p>\n<h3>Contenido incrustado de otros sitios web<\/h3>\n<p>Los art\u00edculos de este sitio pueden incluir contenido incrustado (por ejemplo, v\u00eddeos, im\u00e1genes, art\u00edculos, etc.). El contenido incrustado de otras web se comporta exactamente de la misma manera que si el visitante hubiera visitado la otra web.<\/p>\n<p>Estas web pueden recopilar datos sobre ti, utilizar cookies, incrustar un seguimiento adicional de terceros, y supervisar tu interacci\u00f3n con ese contenido incrustado, incluido el seguimiento de su interacci\u00f3n con el contenido incrustado si tienes una cuenta y est\u00e1s conectado a esa web.<\/p>\n<h3>Anal\u00edtica<\/h3>\n<p>&nbsp;<\/p>\n<h2>Con qui\u00e9n compartimos tus datos<\/h2>\n<p>Tus datos personales introducidos no son compartidos con nadie, salvo aquellos contadores de visitas de las p\u00e1ginas que se registran a trav\u00e9s de la aplicaci\u00f3n de Google analytics, pero de manera que no estudiamos ni almacenamos espec\u00edficamente que paginas en visitas en concreto, si no que los datos solo computan en un global de las p\u00e1ginas de nuestra web m\u00e1s visitadas- Esto es para que sepamos qu\u00e9 tipo de contenido gusta m\u00e1s a nuestros usuarios.<\/p>\n<p>Para m\u00e1s informaci\u00f3n de Google analytics y su cumplimiento en cuanto a protecci\u00f3n de datos, te dejamos este link a su web:<\/p>\n<p>https:\/\/privacy.google.com\/businesses\/compliance\/#?modal_active=none<\/p>\n<p>la base de datos de usuarios de la web registrados est\u00e1 almacenada en laprimera.net que dispone de los siguientes datos registrados y se adec\u00faa a la ley de protecci\u00f3n de datos:<\/p>\n<div class=\"footer-widget\">\n<div id=\"text-2\" class=\"fwidget et_pb_widget widget_text\">\n<h4 class=\"title\">Datos de la empresa<\/h4>\n<div class=\"textwidget\">\n<p>La Primera Telecomunicaci\u00f3n SL<br \/>\nCIF B-23425341<br \/>\nC\/ Evaristo S\u00e1nchez 6 Local \u2013 23400 \u00dabeda, Ja\u00e9n.<br \/>\nInscrita en el Registro Mercantil de Ja\u00e9n, Tomo 239, Folio 151, Hoja J-8612.<\/p>\n<\/div>\n<p>&nbsp;<\/p>\n<\/div>\n<p>&nbsp;<\/p>\n<\/div>\n<p>&nbsp;<\/p>\n<div class=\"footer-widget\">\n<div id=\"text-3\" class=\"fwidget et_pb_widget widget_text\">\n<h4 class=\"title\">Datos de contacto<\/h4>\n<div class=\"textwidget\">\n<p><img decoding=\"async\" src=\"https:\/\/laprimera.net\/wp-content\/uploads\/2014\/03\/telefono.png\" \/> 953 79 65 51\/53 (Soporte)<br \/>\n<img decoding=\"async\" src=\"https:\/\/laprimera.net\/wp-content\/uploads\/2014\/03\/email.jpg\" \/><a> info@laprimera.net<\/a><br \/>\n<img decoding=\"async\" src=\"https:\/\/laprimera.net\/wp-content\/uploads\/2014\/03\/email.jpg\" \/><a> soporte@laprimera.net<\/a><\/p>\n<\/div>\n<p>&nbsp;<\/p>\n<\/div>\n<p>&nbsp;<\/p>\n<\/div>\n<p>&nbsp;<\/p>\n<h2>Cu\u00e1nto tiempo conservamos tus datos<\/h2>\n<p>Si dejas un comentario, el comentario y sus metadatos se conservan indefinidamente. Esto es para que podamos reconocer y aprobar comentarios sucesivos autom\u00e1ticamente en lugar de mantenerlos en una cola de moderaci\u00f3n.<\/p>\n<p>De los usuarios que se registran en nuestra web (si los hay), tambi\u00e9n almacenamos la informaci\u00f3n personal que proporcionan en su perfil de usuario. Todos los usuarios pueden ver, editar o eliminar su informaci\u00f3n personal en cualquier momento (excepto que no pueden cambiar su nombre de usuario). Los administradores de la web tambi\u00e9n pueden ver y editar esa informaci\u00f3n.<\/p>\n<h2>Qu\u00e9 derechos tienes sobre tus datos<\/h2>\n<p>Si tienes una cuenta o has dejado comentarios en esta web, puedes solicitar recibir un archivo de exportaci\u00f3n de los datos personales que tenemos sobre ti, incluyendo cualquier dato que nos hayas proporcionado. Tambi\u00e9n puedes solicitar que eliminemos cualquier dato personal que tengamos sobre ti. Esto no incluye ning\u00fan dato que estemos obligados a conservar con fines administrativos, legales o de seguridad.<\/p>\n<p>Puedes consultar aqu\u00ed qu\u00e9 datos tenemos almacenados:<\/p>\n<pre>[wpgdprc_access_request_form]<\/pre>\n<p>&nbsp;<\/p>\n<h2>D\u00f3nde enviamos tus datos<\/h2>\n<p>Los comentarios de los visitantes puede que los revise un servicio de detecci\u00f3n autom\u00e1tica de spam. El resto est\u00e1n almacenados en nuestras bases de datos web\u00a0 en el hosting de 1and1<\/p>\n<h2>Informaci\u00f3n de contacto<\/h2>\n<p>Si necesitas realizarnos cualquier cuesti\u00f3n puedes enviarnos un mensaje a trav\u00e9s del formulario de contacto, as\u00ed como a trav\u00e9s del email info@veterinariasanfroilan.com\u00a0 o en el tel\u00e9fono 982252929<\/p>\n<h2>Informaci\u00f3n adicional<\/h2>\n<p>&nbsp;<\/p>\n<h3>C\u00f3mo protegemos tus datos<\/h3>\n<p>Los datos de posibles usuario o suscriptores de la web est\u00e1n almacenados en una base de datos ubicado en el hosting de la empresa 1and 1. Estos servidores son seguros y protegidos. Si descargamos alguna copia de seguridad ser\u00e1 almacenado en un dispositivo protegido por contrase\u00f1a segura<\/p>\n<h3>Qu\u00e9 procedimientos utilizamos contra las brechas de datos<\/h3>\n<p>SI ocurriera alg\u00fan percance con p\u00e9rdida o sustracci\u00f3n de datos, os lo comunicar\u00edamos y proceder\u00edamos a notificarlo a la Agencia de Protecci\u00f3n de Datos<\/p>\n<h3>Requerimientos regulatorios de revelaci\u00f3n de informaci\u00f3n del sector<\/h3>\n<p>En cualquier momento puedes consultarnos a trav\u00e9s del formulario de contacto o en el correo de info@veterinariasanfroilan.com qu\u00e9 datos tuyos tenemos almacenados, as\u00ed como el derecho a compartirlos con la empresa u organizaci\u00f3n que nos indiques, y el derecho a eliminaci\u00f3n o borrado de los mismos<\/p>\n<p>DIRECCIONES IP<br \/>Los servidores del sitio web podr\u00e1n detectar de manera autom\u00e1tica la direcci\u00f3n IP y el nombre de dominio utilizados por el usuario. Una direcci\u00f3n IP es un n\u00famero asignado autom\u00e1ticamente a un ordenador cuando \u00e9sta se conecta a Internet. Toda esta informaci\u00f3n es registrada en un fichero de actividad del servidor debidamente inscrito que permite el posterior procesamiento de los datos con el fin de obtener mediciones \u00fanicamente estad\u00edsticas que permitan conocer el n\u00famero de impresiones de p\u00e1ginas, el n\u00famero de visitas realizadas a los servicios web, el orden de visitas, el punto de acceso, etc.<br \/>SEGURIDAD<br \/>El sitio web utiliza t\u00e9cnicas de seguridad de la informaci\u00f3n generalmente aceptadas en la industria, tales como firewalls, procedimientos de control de acceso y mecanismos criptogr\u00e1ficos, todo ello con el objeto de evitar el acceso no autorizado a los datos. Para lograr estos fines, el usuario\/cliente acepta que el prestador obtenga datos para efectos de la correspondiente autenticaci\u00f3n de los controles de acceso.<br \/>Esta web no trata en ning\u00fan caso, datos de tipo sensible (salud, sexual etc..).<br \/><strong>ACEPTACI\u00d3N Y CAMBIOS<\/strong><br \/>El uso de este sitio web implicar\u00e1 la aceptaci\u00f3n de esta pol\u00edtica de privacidad.<br \/>La empresa se reserva el derecho a cambiar esta Pol\u00edtica de Privacidad sin previo<\/p>\n<\/div><\/div><\/div><\/div><\/div><\/div><\/div><\/section>\n","protected":false},"excerpt":{"rendered":"Qui\u00e9nes somos La direcci\u00f3n de nuestra web es:\u00a0 www.veterinariasanfroilan.com veterinariasanfroilan.com ARGHISNOVAX UNIPESSOAL LDA, con NIF 514877340 con domicilio en Avenida S\u00e3o Teot\u00f3nio, Edificio Lepanto, Loja 22, 4930-594 Valen\u00e7a, Portugal, con n\u00famero de registro mercantil AP. 115\/20180423, con email info@veterinariasanfroilan.com \u00a0 y tel\u00e9fono 646599470. Cookies Si dejas un comentario en nuestro sitio puedes elegir guardar tu...","protected":false},"author":1,"featured_media":0,"parent":0,"menu_order":0,"comment_status":"closed","ping_status":"closed","template":"","meta":{"_acf_changed":false,"footnotes":""},"class_list":["post-758","page","type-page","status-publish","hentry"],"acf":[],"_links":{"self":[{"href":"https:\/\/www.veterinariasanfroilan.com\/gl\/wp-json\/wp\/v2\/pages\/758","targetHints":{"allow":["GET"]}}],"collection":[{"href":"https:\/\/www.veterinariasanfroilan.com\/gl\/wp-json\/wp\/v2\/pages"}],"about":[{"href":"https:\/\/www.veterinariasanfroilan.com\/gl\/wp-json\/wp\/v2\/types\/page"}],"author":[{"embeddable":true,"href":"https:\/\/www.veterinariasanfroilan.com\/gl\/wp-json\/wp\/v2\/users\/1"}],"replies":[{"embeddable":true,"href":"https:\/\/www.veterinariasanfroilan.com\/gl\/wp-json\/wp\/v2\/comments?post=758"}],"version-history":[{"count":9,"href":"https:\/\/www.veterinariasanfroilan.com\/gl\/wp-json\/wp\/v2\/pages\/758\/revisions"}],"predecessor-version":[{"id":47254,"href":"https:\/\/www.veterinariasanfroilan.com\/gl\/wp-json\/wp\/v2\/pages\/758\/revisions\/47254"}],"wp:attachment":[{"href":"https:\/\/www.veterinariasanfroilan.com\/gl\/wp-json\/wp\/v2\/media?parent=758"}],"curies":[{"name":"wp","href":"https:\/\/api.w.org\/{rel}","templated":true}]}}